{"id":1075,"date":"2023-08-11T10:24:30","date_gmt":"2023-08-11T10:24:30","guid":{"rendered":"https:\/\/www.walfen.com\/?page_id=1075"},"modified":"2025-04-11T13:39:44","modified_gmt":"2025-04-11T13:39:44","slug":"kit-digital","status":"publish","type":"page","link":"https:\/\/www.walfen.com\/index.php\/es\/kit-digital\/","title":{"rendered":"Kit Digital"},"content":{"rendered":"\n<h2 class=\"wp-block-heading o-typing-delay-100ms has-neve-link-hover-color-color has-text-color has-link-color wp-elements-79ad4b73ecefe6a300dfb3cfeb7d50a7\"><o-anim-typing>Kit Digital<\/o-anim-typing><\/h2>\n\n\n\n<figure class=\"wp-block-image size-full\"><img loading=\"lazy\" decoding=\"async\" width=\"1024\" height=\"119\" src=\"https:\/\/www.walfen.com\/wp-content\/uploads\/2023\/08\/image.png\" alt=\"\" class=\"wp-image-1076\" srcset=\"https:\/\/www.walfen.com\/wp-content\/uploads\/2023\/08\/image.png 1024w, https:\/\/www.walfen.com\/wp-content\/uploads\/2023\/08\/image-300x35.png 300w, https:\/\/www.walfen.com\/wp-content\/uploads\/2023\/08\/image-768x89.png 768w\" sizes=\"auto, (max-width: 1024px) 100vw, 1024px\" \/><\/figure>\n\n\n\n<div style=\"height:100px\" aria-hidden=\"true\" class=\"wp-block-spacer\"><\/div>\n\n\n\n<p>Como agente digitalizador oficial, te ofrecemos la posibilidad de <strong>digitalizar tu negocio<\/strong>. <\/p>\n\n\n\n<p>Dentro del area de <strong>Sitio Web y Presencia B\u00e1sica en Internet<\/strong>, te ofrecemos el desarrollo de la p\u00e1gina web de tu empresa con las siguientes caracter\u00edsticas:<\/p>\n\n\n\n<ul class=\"wp-block-list\">\n<li>Dise\u00f1o web moderno<\/li>\n\n\n\n<li>P\u00e1gina adaptada a cualquier dispositivo (PC, tablet o m\u00f3vil)<\/li>\n\n\n\n<li>Sitio web creado con un gestor f\u00e1cil de usar para que puedas modificar y gestionar todo el contenido de tu web <\/li>\n\n\n\n<li>Dominio propio<\/li>\n\n\n\n<li>Alojamiento de la p\u00e1gina en servidores seguros<\/li>\n\n\n\n<li>Cuentas de correo electr\u00f3nico personalizadas<\/li>\n\n\n\n<li>P\u00e1gina disponible en ingl\u00e9s y castellano<\/li>\n\n\n\n<li>Posicionamiento b\u00e1sico de tu negocio en directorios de empresas<\/li>\n<\/ul>\n\n\n\n<p><strong>Para m\u00e1s informaci\u00f3n, contactanos a info@walfen.com<\/strong><\/p>\n\n\n\n<p><strong>Precio<\/strong><\/p>\n\n\n\n<p><strong>2,000 EUR<\/strong>&nbsp;(con la ayuda de Kit Digital este gasto es subvencionable) + IVA<\/p>\n\n\n\n<p><strong>Nuestra empresa tambi\u00e9n ofrece soluciones de Business Intelligence y Anal\u00edtica para impulsar la toma de decisiones estrat\u00e9gicas mediante el an\u00e1lisis avanzado de datos. Para m\u00e1s informaci\u00f3n, pulsa <a href=\"https:\/\/www.walfen.com\/index.php\/kit-digital-business-intelligence-y-analitica\/\" data-type=\"page\" data-id=\"1430\">aqu\u00ed<\/a>.<\/strong><\/p>\n\n\n\n<p>Si cumples con los requisitos del programa, te acompa\u00f1aremos durante el proceso de obtenci\u00f3n de bono digital.<\/p>\n\n\n\n<p><strong>Quien puede beneficiarse del programa de <a href=\"https:\/\/www.acelerapyme.es\/kit-digital\" data-type=\"link\" data-id=\"https:\/\/www.acelerapyme.es\/kit-digital\">Kit Digital<\/a>?<\/strong><\/p>\n\n\n\n<p>Para beneficiarse del programa Kit Digital debe de cumplir los siguientes requisitos:<br>&#8211; Ser una pyme, una microempresa o un aut\u00f3nomo<br>&#8211; No tener la consideraci\u00f3n de empresa en crisis<br>&#8211; Estar al corriente de las obligaciones tributarias y frente a la Seguridad Social<br>&#8211; No superar el l\u00edmite de ayudas de m\u00ednimos conforme a lo dispuesto en el art\u00edculo 2.4 de la presente orden<br>&#8211; Disponer de la evaluaci\u00f3n del Nivel de Madurez Digital de acuerdo con el test de diagn\u00f3stico disponible en la plataforma acelerapyme.es<br><a href=\"https:\/\/www.acelerapyme.es\/kit-digital\">Para m\u00e1s informaci\u00f3n consulta las bases reguladoras disponibles en acelerapyme.es<\/a>.<\/p>\n\n\n\n<p><strong>\u00bfC\u00f3mo se puede solicitar la ayuda?&nbsp;<\/strong><\/p>\n\n\n\n<ul class=\"wp-block-list\">\n<li>Reg\u00edstrate en <a href=\"https:\/\/www.acelerapyme.es\/registro-pyme\" data-type=\"link\" data-id=\"https:\/\/www.acelerapyme.es\/registro-pyme\">acelerapyme.es<\/a>.&nbsp;<\/li>\n\n\n\n<li>Realiza el <a href=\"https:\/\/www.acelerapyme.es\/quieres-conocer-el-grado-de-digitalizacion-de-tu-pyme\" data-type=\"link\" data-id=\"https:\/\/www.acelerapyme.es\/quieres-conocer-el-grado-de-digitalizacion-de-tu-pyme\">test de autodiagn\u00f3stico<\/a> para conocer el nivel de digitalizaci\u00f3n de tu negocio.&nbsp;<\/li>\n\n\n\n<li>Consulta <a href=\"https:\/\/www.acelerapyme.es\/kit-digital\/soluciones-digitales\" data-type=\"link\" data-id=\"https:\/\/www.acelerapyme.es\/kit-digital\/soluciones-digitales\">las soluciones<\/a> de las categor\u00edas Presencia B\u00e1sica en Internet o Presencia Avanzada en Internet.<\/li>\n\n\n\n<li>Solicita la ayuda en la sede electr\u00f3nica de Red.es.<\/li>\n\n\n\n<li>Selecciona el Agente Digitalizador de Cat\u00e1logo de Agentes Digitalizadores.&nbsp;<\/li>\n<\/ul>\n\n\n\n<p>No esperes m\u00e1s,&nbsp;\u00a1<a href=\"https:\/\/www.walfen.com\/index.php\/es\/contacto\/\" data-type=\"page\" data-id=\"836\">cont\u00e1ctanos<\/a> y te acompa\u00f1aremos durante el proceso de obtenci\u00f3n de Kit Digital!<\/p>\n\n\n\n<p><\/p>\n\n\n\n<p class=\"has-small-font-size\">*<sub>Al facilitar sus datos, acepta que Walfen Technologies SL pueda contactarle para informarle sobre sus servicios. En cualquier momento podr\u00e1 pedirnos que dejemos de usar sus datos y oponerse al tratamiento. Para m\u00e1s informacion, consulte nuestra politica de privacidad.<\/sub><\/p>\n","protected":false},"excerpt":{"rendered":"<p>Kit Digital Como agente digitalizador oficial, te ofrecemos la posibilidad de digitalizar tu negocio. Dentro del area de Sitio Web y Presencia B\u00e1sica en Internet, te ofrecemos el desarrollo de la p\u00e1gina web de tu empresa con las siguientes caracter\u00edsticas: Para m\u00e1s informaci\u00f3n, contactanos a info@walfen.com Precio 2,000 EUR&nbsp;(con la ayuda de Kit Digital este&hellip;&nbsp;<a href=\"https:\/\/www.walfen.com\/index.php\/es\/kit-digital\/\" class=\"\" rel=\"bookmark\">Read More &raquo;<span class=\"screen-reader-text\">Kit Digital<\/span><\/a><\/p>\n","protected":false},"author":1,"featured_media":0,"parent":0,"menu_order":0,"comment_status":"closed","ping_status":"closed","template":"","meta":{"neve_meta_sidebar":"","neve_meta_container":"","neve_meta_enable_content_width":"","neve_meta_content_width":0,"neve_meta_title_alignment":"","neve_meta_author_avatar":"","neve_post_elements_order":"","neve_meta_disable_header":"","neve_meta_disable_footer":"","neve_meta_disable_title":"on","_themeisle_gutenberg_block_has_review":false,"footnotes":""},"class_list":["post-1075","page","type-page","status-publish","hentry"],"_links":{"self":[{"href":"https:\/\/www.walfen.com\/index.php\/wp-json\/wp\/v2\/pages\/1075","targetHints":{"allow":["GET"]}}],"collection":[{"href":"https:\/\/www.walfen.com\/index.php\/wp-json\/wp\/v2\/pages"}],"about":[{"href":"https:\/\/www.walfen.com\/index.php\/wp-json\/wp\/v2\/types\/page"}],"author":[{"embeddable":true,"href":"https:\/\/www.walfen.com\/index.php\/wp-json\/wp\/v2\/users\/1"}],"replies":[{"embeddable":true,"href":"https:\/\/www.walfen.com\/index.php\/wp-json\/wp\/v2\/comments?post=1075"}],"version-history":[{"count":14,"href":"https:\/\/www.walfen.com\/index.php\/wp-json\/wp\/v2\/pages\/1075\/revisions"}],"predecessor-version":[{"id":1445,"href":"https:\/\/www.walfen.com\/index.php\/wp-json\/wp\/v2\/pages\/1075\/revisions\/1445"}],"wp:attachment":[{"href":"https:\/\/www.walfen.com\/index.php\/wp-json\/wp\/v2\/media?parent=1075"}],"curies":[{"name":"wp","href":"https:\/\/api.w.org\/{rel}","templated":true}]}}