{"id":1430,"date":"2025-04-11T12:51:45","date_gmt":"2025-04-11T12:51:45","guid":{"rendered":"https:\/\/www.walfen.com\/?page_id=1430"},"modified":"2025-04-11T13:38:01","modified_gmt":"2025-04-11T13:38:01","slug":"kit-digital-business-intelligence-y-analitica","status":"publish","type":"page","link":"https:\/\/www.walfen.com\/index.php\/kit-digital-business-intelligence-y-analitica\/","title":{"rendered":""},"content":{"rendered":"\n<h2 class=\"wp-block-heading o-typing-delay-100ms has-neve-link-hover-color-color has-text-color has-link-color wp-elements-79ad4b73ecefe6a300dfb3cfeb7d50a7\"><o-anim-typing>Kit Digital<\/o-anim-typing><\/h2>\n\n\n\n<figure class=\"wp-block-image size-full\"><img loading=\"lazy\" decoding=\"async\" width=\"1024\" height=\"119\" src=\"https:\/\/www.walfen.com\/wp-content\/uploads\/2023\/08\/image.png\" alt=\"\" class=\"wp-image-1076\" srcset=\"https:\/\/www.walfen.com\/wp-content\/uploads\/2023\/08\/image.png 1024w, https:\/\/www.walfen.com\/wp-content\/uploads\/2023\/08\/image-300x35.png 300w, https:\/\/www.walfen.com\/wp-content\/uploads\/2023\/08\/image-768x89.png 768w\" sizes=\"auto, (max-width: 1024px) 100vw, 1024px\" \/><\/figure>\n\n\n\n<div style=\"height:100px\" aria-hidden=\"true\" class=\"wp-block-spacer\"><\/div>\n\n\n\n<p>En nuestra empresa ofrecemos soluciones dise\u00f1adas para ayudarte a tomar decisiones estrat\u00e9gicas con informaci\u00f3n precisa y en tiempo real.<\/p>\n\n\n\n<p>Gracias al an\u00e1lisis avanzado de datos, podr\u00e1s identificar oportunidades, optimizar procesos y anticiparte a los cambios del mercado.<\/p>\n\n\n\n<p>Dentro del \u00e1rea de <strong>Business Intelligence y Anal\u00edtica<\/strong>, te ofrecemos el desarrollo de soluciones con las siguientes caracter\u00edsticas:<\/p>\n\n\n\n<ul class=\"wp-block-list\">\n<li><strong>Plataforma de an\u00e1lisis de datos<\/strong> que permite a las empresas visualizar, comparar y analizar la informaci\u00f3n clave de su negocio.<\/li>\n\n\n\n<li><strong>Integraci\u00f3n de datos<\/strong> con otras bases de datos, sistemas y fuentes externas.<\/li>\n\n\n\n<li><strong>Almacenamiento seguro de datos<\/strong>, adaptado a las necesidades de tu empresa.<\/li>\n\n\n\n<li><strong>Creaci\u00f3n de paneles interactivos y visuales<\/strong>, personalizados con los indicadores m\u00e1s relevantes para tu actividad.<\/li>\n\n\n\n<li><strong>Exportaci\u00f3n de datos<\/strong> en diferentes formatos (Excel, PDF, im\u00e1genes), para facilitar la generaci\u00f3n de informes y su uso en otras herramientas.<\/li>\n<\/ul>\n\n\n\n<p><strong>Para m\u00e1s informaci\u00f3n, contactanos a info@walfen.com<\/strong><\/p>\n\n\n\n<p><strong>Precio<\/strong><\/p>\n\n\n\n<p><strong>1,500 EUR &#8211; 8,000 EUR<\/strong>&nbsp;(con la ayuda de Kit Digital este gasto es subvencionable*) + IVA<\/p>\n\n\n\n<h5 class=\"wp-block-heading\">*Importe m\u00e1ximo de la ayuda<\/h5>\n\n\n\n<ul class=\"wp-block-list\">\n<li class=\"has-small-font-size\">0 &lt; X &lt; 3 empleados: 1.500\u20ac (incluye 1 usuario)<\/li>\n\n\n\n<li class=\"has-small-font-size\">3 \u2264 X &lt; 10 empleados: 2.000\u20ac (incluye 1 usuario)<\/li>\n\n\n\n<li class=\"has-small-font-size\">10 \u2264 X &lt; 50 empleados: 4.000\u20ac (incluye 3 usuarios)<\/li>\n\n\n\n<li class=\"has-small-font-size\">50* \u2264&nbsp; X &lt; 100 empleados: 7.000\u20ac (incluye 10 usuarios)<\/li>\n\n\n\n<li class=\"has-small-font-size\">100 \u2264&nbsp; X &lt; 250 empleados: 8.000\u20ac (incluye 15 usuarios)<\/li>\n<\/ul>\n\n\n\n<p>Si cumples con los requisitos del programa, te acompa\u00f1aremos durante el proceso de obtenci\u00f3n de bono digital.<\/p>\n\n\n\n<p><strong>Quien puede beneficiarse del programa de <a href=\"https:\/\/www.acelerapyme.es\/kit-digital\" data-type=\"link\" data-id=\"https:\/\/www.acelerapyme.es\/kit-digital\">Kit Digital<\/a>?<\/strong><\/p>\n\n\n\n<p>Para beneficiarse del programa Kit Digital debe de cumplir los siguientes requisitos:<br>&#8211; Ser una pyme, una microempresa o un aut\u00f3nomo<br>&#8211; No tener la consideraci\u00f3n de empresa en crisis<br>&#8211; Estar al corriente de las obligaciones tributarias y frente a la Seguridad Social<br>&#8211; No superar el l\u00edmite de ayudas de m\u00ednimos conforme a lo dispuesto en el art\u00edculo 2.4 de la presente orden<br>&#8211; Disponer de la evaluaci\u00f3n del Nivel de Madurez Digital de acuerdo con el test de diagn\u00f3stico disponible en la plataforma acelerapyme.es<br><a href=\"https:\/\/www.acelerapyme.es\/kit-digital\">Para m\u00e1s informaci\u00f3n consulta las bases reguladoras disponibles en acelerapyme.es<\/a>.<\/p>\n\n\n\n<p><strong>\u00bfC\u00f3mo se puede solicitar la ayuda?&nbsp;<\/strong><\/p>\n\n\n\n<ul class=\"wp-block-list\">\n<li>Reg\u00edstrate en <a href=\"https:\/\/www.acelerapyme.es\/registro-pyme\" data-type=\"link\" data-id=\"https:\/\/www.acelerapyme.es\/registro-pyme\">acelerapyme.es<\/a>.&nbsp;<\/li>\n\n\n\n<li>Realiza el <a href=\"https:\/\/www.acelerapyme.es\/quieres-conocer-el-grado-de-digitalizacion-de-tu-pyme\" data-type=\"link\" data-id=\"https:\/\/www.acelerapyme.es\/quieres-conocer-el-grado-de-digitalizacion-de-tu-pyme\">test de autodiagn\u00f3stico<\/a> para conocer el nivel de digitalizaci\u00f3n de tu negocio.&nbsp;<\/li>\n\n\n\n<li>Consulta <a href=\"https:\/\/www.acelerapyme.es\/kit-digital\/soluciones-digitales\" data-type=\"link\" data-id=\"https:\/\/www.acelerapyme.es\/kit-digital\/soluciones-digitales\">las soluciones<\/a> de las categor\u00edas Presencia B\u00e1sica en Internet o Presencia Avanzada en Internet.<\/li>\n\n\n\n<li>Solicita la ayuda en la sede electr\u00f3nica de Red.es.<\/li>\n\n\n\n<li>Selecciona el Agente Digitalizador de Cat\u00e1logo de Agentes Digitalizadores.&nbsp;<\/li>\n<\/ul>\n\n\n\n<p>No esperes m\u00e1s,&nbsp;\u00a1<a href=\"https:\/\/www.walfen.com\/index.php\/es\/contacto\/\" data-type=\"page\" data-id=\"836\">cont\u00e1ctanos<\/a> y te acompa\u00f1aremos durante el proceso de obtenci\u00f3n de Kit Digital!<\/p>\n\n\n\n<p><\/p>\n\n\n\n<p class=\"has-small-font-size\">*<sub>Al facilitar sus datos, acepta que Walfen Technologies SL pueda contactarle para informarle sobre sus servicios. En cualquier momento podr\u00e1 pedirnos que dejemos de usar sus datos y oponerse al tratamiento. Para m\u00e1s informacion, consulte nuestra politica de privacidad.<\/sub><\/p>\n\n\n\n<p><\/p>\n","protected":false},"excerpt":{"rendered":"<p>Kit Digital En nuestra empresa ofrecemos soluciones dise\u00f1adas para ayudarte a tomar decisiones estrat\u00e9gicas con informaci\u00f3n precisa y en tiempo real. Gracias al an\u00e1lisis avanzado de datos, podr\u00e1s identificar oportunidades, optimizar procesos y anticiparte a los cambios del mercado. Dentro del \u00e1rea de Business Intelligence y Anal\u00edtica, te ofrecemos el desarrollo de soluciones con las&hellip;&nbsp;<a href=\"https:\/\/www.walfen.com\/index.php\/kit-digital-business-intelligence-y-analitica\/\" class=\"\" rel=\"bookmark\">Read More &raquo;<span class=\"screen-reader-text\"><\/span><\/a><\/p>\n","protected":false},"author":1,"featured_media":0,"parent":0,"menu_order":0,"comment_status":"closed","ping_status":"closed","template":"","meta":{"neve_meta_sidebar":"","neve_meta_container":"","neve_meta_enable_content_width":"","neve_meta_content_width":0,"neve_meta_title_alignment":"","neve_meta_author_avatar":"","neve_post_elements_order":"","neve_meta_disable_header":"","neve_meta_disable_footer":"","neve_meta_disable_title":"","_themeisle_gutenberg_block_has_review":false,"footnotes":""},"class_list":["post-1430","page","type-page","status-publish","hentry"],"_links":{"self":[{"href":"https:\/\/www.walfen.com\/index.php\/wp-json\/wp\/v2\/pages\/1430","targetHints":{"allow":["GET"]}}],"collection":[{"href":"https:\/\/www.walfen.com\/index.php\/wp-json\/wp\/v2\/pages"}],"about":[{"href":"https:\/\/www.walfen.com\/index.php\/wp-json\/wp\/v2\/types\/page"}],"author":[{"embeddable":true,"href":"https:\/\/www.walfen.com\/index.php\/wp-json\/wp\/v2\/users\/1"}],"replies":[{"embeddable":true,"href":"https:\/\/www.walfen.com\/index.php\/wp-json\/wp\/v2\/comments?post=1430"}],"version-history":[{"count":6,"href":"https:\/\/www.walfen.com\/index.php\/wp-json\/wp\/v2\/pages\/1430\/revisions"}],"predecessor-version":[{"id":1443,"href":"https:\/\/www.walfen.com\/index.php\/wp-json\/wp\/v2\/pages\/1430\/revisions\/1443"}],"wp:attachment":[{"href":"https:\/\/www.walfen.com\/index.php\/wp-json\/wp\/v2\/media?parent=1430"}],"curies":[{"name":"wp","href":"https:\/\/api.w.org\/{rel}","templated":true}]}}