{"id":312,"date":"2022-04-18T14:47:10","date_gmt":"2022-04-18T14:47:10","guid":{"rendered":"https:\/\/www.walfen.com\/?page_id=312"},"modified":"2023-07-19T09:13:27","modified_gmt":"2023-07-19T09:13:27","slug":"kit-digital-gestion-de-clientes","status":"publish","type":"page","link":"https:\/\/www.walfen.com\/index.php\/es\/kit-digital-gestion-de-clientes\/","title":{"rendered":"Kit Digital"},"content":{"rendered":"\n<figure class=\"wp-block-image size-large\"><img loading=\"lazy\" decoding=\"async\" width=\"1024\" height=\"119\" src=\"https:\/\/www.walfen.com\/wp-content\/uploads\/2022\/04\/Logo-digitalizadores-1024x119.png\" alt=\"\" class=\"wp-image-313\" srcset=\"https:\/\/www.walfen.com\/wp-content\/uploads\/2022\/04\/Logo-digitalizadores-1024x119.png 1024w, https:\/\/www.walfen.com\/wp-content\/uploads\/2022\/04\/Logo-digitalizadores-300x35.png 300w, https:\/\/www.walfen.com\/wp-content\/uploads\/2022\/04\/Logo-digitalizadores-768x89.png 768w, https:\/\/www.walfen.com\/wp-content\/uploads\/2022\/04\/Logo-digitalizadores-1536x178.png 1536w, https:\/\/www.walfen.com\/wp-content\/uploads\/2022\/04\/Logo-digitalizadores-2048x238.png 2048w\" sizes=\"auto, (max-width: 1024px) 100vw, 1024px\" \/><\/figure>\n\n\n\n<div style=\"height:100px\" aria-hidden=\"true\" class=\"wp-block-spacer\"><\/div>\n\n\n\n<p>Como agente digitalizador oficial, te ofrecemos la posibilidad de <strong>digitalizar su centro de salud o consulta privada<\/strong>. <\/p>\n\n\n\n<p>Dentro de area de gesti\u00f3n de clientes, te ofrecemos aceso a <strong>SecuHealth &#8211; portal de paciente para cl\u00ednicas y profesionales sanitarios<\/strong>.<\/p>\n\n\n\n<p class=\"has-large-font-size\">Sobre SecuHealth<\/p>\n\n\n\n<p>Con SecuHealth podr\u00e1s:<\/p>\n\n\n\n<ul class=\"wp-block-list\">\n<li>Almacenar y gestionar los datos de sus pacientes<\/li>\n\n\n\n<li>Compartir los informes m\u00e9dicos<\/li>\n\n\n\n<li>Organizar sus citas m\u00e9dicas<\/li>\n\n\n\n<li>Comunicarse con sus pacientes a trav\u00e9s de chat<\/li>\n\n\n\n<li>Controlar de forma interactiva la respuesta a sus tratamientos<\/li>\n\n\n\n<li>Gestionar sus datos en una plataforma segura y conforme con el RGPD<\/li>\n<\/ul>\n\n\n\n<p>Adem\u00e1s, SecuHealth ofrece las siguientes funcionalidades: <\/p>\n\n\n\n<p><strong>historia cl\u00ednica<\/strong>, <strong>calendario de citas<\/strong>, <strong>diario de medicaci\u00f3n<\/strong> y <strong>gr\u00e1ficos de salud<\/strong>.<\/p>\n\n\n\n<p>Para m\u00e1s informaci\u00f3n, consulta nuestra p\u00e1gina&nbsp;web <a href=\"https:\/\/secuhealth.com\"><strong>https:\/\/secuhealth.com<\/strong><\/a>.<\/p>\n\n\n\n<p><strong>Precio<\/strong><\/p>\n\n\n\n<p><strong>900 EUR<\/strong>&nbsp;+ IVA &#8211; suscripci\u00f3n anual<\/p>\n\n\n\n<p><\/p>\n\n\n\n<p>Para obtener aceso gratuito a SecuHealth a trav\u00e9s del programa de Kit Digital, cont\u00e1ctanos al <strong>info@walfen.com<\/strong>. Si cumples con los requisitos del programa, te acompa\u00f1aremos durante el proceso de obtenci\u00f3n de bono digital.<\/p>\n\n\n\n<p><\/p>\n\n\n\n<p><strong>Quien puede beneficiarse del programa de Kit Digital?<\/strong><\/p>\n\n\n\n<p><\/p>\n\n\n\n<p>Para beneficiarse del programa Kit Digital debe de cumplir los siguientes requisitos:<br>&#8211; Ser una pyme, una microempresa o un aut\u00f3nomo.<br>&#8211; No tener la consideraci\u00f3n de empresa en crisis<br>&#8211; Estar al corriente de las obligaciones tributarias y frente a la Seguridad Social.<br>&#8211; No superar el l\u00edmite de ayudas de m\u00ednimos conforme a lo dispuesto en el art\u00edculo 2.4 de la presente orden.<br>&#8211; Disponer de la evaluaci\u00f3n del Nivel de Madurez Digital de acuerdo con el test de diagn\u00f3stico disponible en la plataforma Acelera pyme<br><a href=\"https:\/\/www.acelerapyme.es\/sites\/acelerapyme\/files\/2021-12\/BOE-A-2021-21873.pdf\">Para m\u00e1s informaci\u00f3n consulte Disposici\u00f3n 21873 del BOE n\u00fam. 313 de 2021<\/a>.<\/p>\n\n\n\n<p class=\"has-small-font-size\">*<sub>Al facilitar sus datos, acepta que Walfen Technologies SL pueda contactarle para informarle sobre sus servicios. En cualquier momento podr\u00e1 pedirnos que dejemos de usar sus datos y oponerse al tratamiento. Para m\u00e1s informacion, consulte nuestra politica de privacidad.<\/sub><\/p>\n\n\n\n<p><\/p>\n","protected":false},"excerpt":{"rendered":"<p>Como agente digitalizador oficial, te ofrecemos la posibilidad de digitalizar su centro de salud o consulta privada. Dentro de area de gesti\u00f3n de clientes, te ofrecemos aceso a SecuHealth &#8211; portal de paciente para cl\u00ednicas y profesionales sanitarios. Sobre SecuHealth Con SecuHealth podr\u00e1s: Adem\u00e1s, SecuHealth ofrece las siguientes funcionalidades: historia cl\u00ednica, calendario de citas, diario&hellip;&nbsp;<a href=\"https:\/\/www.walfen.com\/index.php\/es\/kit-digital-gestion-de-clientes\/\" class=\"\" rel=\"bookmark\">Read More &raquo;<span class=\"screen-reader-text\">Kit Digital<\/span><\/a><\/p>\n","protected":false},"author":1,"featured_media":0,"parent":0,"menu_order":0,"comment_status":"closed","ping_status":"closed","template":"","meta":{"neve_meta_sidebar":"","neve_meta_container":"","neve_meta_enable_content_width":"","neve_meta_content_width":0,"neve_meta_title_alignment":"","neve_meta_author_avatar":"","neve_post_elements_order":"","neve_meta_disable_header":"","neve_meta_disable_footer":"","neve_meta_disable_title":"","_themeisle_gutenberg_block_has_review":false,"footnotes":""},"class_list":["post-312","page","type-page","status-publish","hentry"],"_links":{"self":[{"href":"https:\/\/www.walfen.com\/index.php\/wp-json\/wp\/v2\/pages\/312","targetHints":{"allow":["GET"]}}],"collection":[{"href":"https:\/\/www.walfen.com\/index.php\/wp-json\/wp\/v2\/pages"}],"about":[{"href":"https:\/\/www.walfen.com\/index.php\/wp-json\/wp\/v2\/types\/page"}],"author":[{"embeddable":true,"href":"https:\/\/www.walfen.com\/index.php\/wp-json\/wp\/v2\/users\/1"}],"replies":[{"embeddable":true,"href":"https:\/\/www.walfen.com\/index.php\/wp-json\/wp\/v2\/comments?post=312"}],"version-history":[{"count":23,"href":"https:\/\/www.walfen.com\/index.php\/wp-json\/wp\/v2\/pages\/312\/revisions"}],"predecessor-version":[{"id":941,"href":"https:\/\/www.walfen.com\/index.php\/wp-json\/wp\/v2\/pages\/312\/revisions\/941"}],"wp:attachment":[{"href":"https:\/\/www.walfen.com\/index.php\/wp-json\/wp\/v2\/media?parent=312"}],"curies":[{"name":"wp","href":"https:\/\/api.w.org\/{rel}","templated":true}]}}